{"id":160,"date":"2025-06-02T15:48:26","date_gmt":"2025-06-02T18:48:26","guid":{"rendered":"https:\/\/labcms.eci.ufmg.br\/literaturalgbtqia\/?page_id=160"},"modified":"2025-06-16T15:43:46","modified_gmt":"2025-06-16T18:43:46","slug":"home","status":"publish","type":"page","link":"https:\/\/labcms.eci.ufmg.br\/literaturalgbtqia\/","title":{"rendered":"Home"},"content":{"rendered":"<h1 class=\"wp-block-site-title\"><a href=\"https:\/\/labcms.eci.ufmg.br\/literaturalgbtqia\" target=\"_self\" rel=\"home\">Eu LGBT+ na literatura brasileira<\/a><\/h1>\n\n\n<figure class=\"wp-block-image size-large\"><img loading=\"lazy\" decoding=\"async\" width=\"1024\" height=\"576\" src=\"https:\/\/labcms.eci.ufmg.br\/literaturalgbtqia\/wp-content\/uploads\/sites\/64\/2025\/06\/Design-sem-nome-1024x576.jpg\" alt=\"\" class=\"wp-image-2208\" srcset=\"https:\/\/labcms.eci.ufmg.br\/literaturalgbtqia\/wp-content\/uploads\/sites\/64\/2025\/06\/Design-sem-nome-1024x576.jpg 1024w, https:\/\/labcms.eci.ufmg.br\/literaturalgbtqia\/wp-content\/uploads\/sites\/64\/2025\/06\/Design-sem-nome-300x169.jpg 300w, https:\/\/labcms.eci.ufmg.br\/literaturalgbtqia\/wp-content\/uploads\/sites\/64\/2025\/06\/Design-sem-nome-768x432.jpg 768w, https:\/\/labcms.eci.ufmg.br\/literaturalgbtqia\/wp-content\/uploads\/sites\/64\/2025\/06\/Design-sem-nome-1536x864.jpg 1536w, https:\/\/labcms.eci.ufmg.br\/literaturalgbtqia\/wp-content\/uploads\/sites\/64\/2025\/06\/Design-sem-nome-205x115.jpg 205w, https:\/\/labcms.eci.ufmg.br\/literaturalgbtqia\/wp-content\/uploads\/sites\/64\/2025\/06\/Design-sem-nome-480x270.jpg 480w, https:\/\/labcms.eci.ufmg.br\/literaturalgbtqia\/wp-content\/uploads\/sites\/64\/2025\/06\/Design-sem-nome-1200x675.jpg 1200w, https:\/\/labcms.eci.ufmg.br\/literaturalgbtqia\/wp-content\/uploads\/sites\/64\/2025\/06\/Design-sem-nome.jpg 1920w\" sizes=\"auto, (max-width: 1024px) 100vw, 1024px\" \/><\/figure>\n\n\n\n\n\n<p>Seja bem vindo!<\/p>\n\n\n\n<p>O &#8220;Eu LGBT+ na literatura brasileira&#8221; \u00e9 um projeto de curadoria digital que visa promover livros brasileiros que trazem como tema principal a vivencia LGBT+, atrav\u00e9s de personagens que trazem essa representatividade e tamb\u00e9m autores que fizeram e fazem  parte da constru\u00e7\u00e3o dessa literatura, como Adolfo Caminha com o &#8220;Bom Crioulo&#8221; em 1895, pioneiro desse movimento foi o primeiro autor brasileiro a retratar um personagem homossexual em sua obra. Nosso principal objetivo \u00e9 divulgar  esses livros e autores, para a comunidade leitura e para a comunidade LGBT+. <\/p>\n\n\n\n<p>A ideia surgiu ap\u00f3s ouvir um coment\u00e1rio &#8220;quando eu era jovem a gente n\u00e3o tinha esses livros&#8221;, ent\u00e3o decidi dar voz aos livros desse tem\u00e1tica com foco no que \u00e9 produzido aqui no Brasil, acredito que para a comunidade LGBT+ leitora \u00e9 muito importante encontrar livros que os representem, livros adolescentes, adultos, rom\u00e2nticos, po\u00e9ticos, de suspense, de historia, etc., e para aqueles que n\u00e3o s\u00e3o leitores \u00e9 uma oportunidade de se tornar. <\/p>\n\n\n\n<p>O nosso acervo \u00e9 voltado para que voc\u00ea possa conhecer essas obras e autores, N\u00c3O DISPONIBILIZAMOS OS LIVROS, somente aqueles que j\u00e1 est\u00e3o em dom\u00ednio p\u00fablico por quest\u00f5es de direito autoral. Aqui \u00e9 um espa\u00e7o para conhece-los e a partir disso comprar ou alugar em uma biblioteca. <\/p>\n\n\n\n<blockquote class=\"wp-block-quote is-layout-flow wp-block-quote-is-layout-flow\">\n<p>Isso \u00e9 parte da beleza de toda a literatura. Voc\u00ea descobre que seus desejos s\u00e3o desejos universais, que voc\u00ea n\u00e3o est\u00e1 s\u00f3 e isolado de todo o mundo. Voc\u00ea pertence. &#8211; F. Scott Fitzgerald<\/p>\n<\/blockquote>\n\n\n\n<p>Nuvem de TAGs<\/p>\n\n\n<p class=\"wp-block-tag-cloud\"><a href=\"https:\/\/labcms.eci.ufmg.br\/literaturalgbtqia\/tag\/adolescente\/\" class=\"tag-cloud-link tag-link-18 tag-link-position-1\" style=\"font-size: 11.888888888889pt;\" aria-label=\"adolescente (3 itens)\">adolescente<\/a>\n<a href=\"https:\/\/labcms.eci.ufmg.br\/literaturalgbtqia\/tag\/biografia\/\" class=\"tag-cloud-link tag-link-36 tag-link-position-2\" style=\"font-size: 8pt;\" aria-label=\"Biografia (1 item)\">Biografia<\/a>\n<a href=\"https:\/\/labcms.eci.ufmg.br\/literaturalgbtqia\/tag\/bissexual\/\" class=\"tag-cloud-link tag-link-21 tag-link-position-3\" style=\"font-size: 14.222222222222pt;\" aria-label=\"bissexual (5 itens)\">bissexual<\/a>\n<a href=\"https:\/\/labcms.eci.ufmg.br\/literaturalgbtqia\/tag\/brasil\/\" class=\"tag-cloud-link tag-link-29 tag-link-position-4\" style=\"font-size: 10.333333333333pt;\" aria-label=\"Brasil (2 itens)\">Brasil<\/a>\n<a href=\"https:\/\/labcms.eci.ufmg.br\/literaturalgbtqia\/tag\/comedia-2\/\" class=\"tag-cloud-link tag-link-40 tag-link-position-5\" style=\"font-size: 10.333333333333pt;\" aria-label=\"com\u00e9dia (2 itens)\">com\u00e9dia<\/a>\n<a href=\"https:\/\/labcms.eci.ufmg.br\/literaturalgbtqia\/tag\/contos\/\" class=\"tag-cloud-link tag-link-32 tag-link-position-6\" style=\"font-size: 8pt;\" aria-label=\"contos (1 item)\">contos<\/a>\n<a href=\"https:\/\/labcms.eci.ufmg.br\/literaturalgbtqia\/tag\/comedia\/\" class=\"tag-cloud-link tag-link-31 tag-link-position-7\" style=\"font-size: 13.185185185185pt;\" aria-label=\"c\u00f3media (4 itens)\">c\u00f3media<\/a>\n<a href=\"https:\/\/labcms.eci.ufmg.br\/literaturalgbtqia\/tag\/familia\/\" class=\"tag-cloud-link tag-link-43 tag-link-position-8\" style=\"font-size: 8pt;\" aria-label=\"fam\u00edlia (1 item)\">fam\u00edlia<\/a>\n<a href=\"https:\/\/labcms.eci.ufmg.br\/literaturalgbtqia\/tag\/gay\/\" class=\"tag-cloud-link tag-link-7 tag-link-position-9\" style=\"font-size: 20.444444444444pt;\" aria-label=\"gay (17 itens)\">gay<\/a>\n<a href=\"https:\/\/labcms.eci.ufmg.br\/literaturalgbtqia\/tag\/gen-z\/\" class=\"tag-cloud-link tag-link-38 tag-link-position-10\" style=\"font-size: 8pt;\" aria-label=\"Gen z (1 item)\">Gen z<\/a>\n<a href=\"https:\/\/labcms.eci.ufmg.br\/literaturalgbtqia\/tag\/historia\/\" class=\"tag-cloud-link tag-link-28 tag-link-position-11\" style=\"font-size: 8pt;\" aria-label=\"hist\u00f3ria (1 item)\">hist\u00f3ria<\/a>\n<a href=\"https:\/\/labcms.eci.ufmg.br\/literaturalgbtqia\/tag\/homossexual\/\" class=\"tag-cloud-link tag-link-6 tag-link-position-12\" style=\"font-size: 22pt;\" aria-label=\"homossexual (23 itens)\">homossexual<\/a>\n<a href=\"https:\/\/labcms.eci.ufmg.br\/literaturalgbtqia\/tag\/homossexualidade\/\" class=\"tag-cloud-link tag-link-27 tag-link-position-13\" style=\"font-size: 8pt;\" aria-label=\"homossexualidade (1 item)\">homossexualidade<\/a>\n<a href=\"https:\/\/labcms.eci.ufmg.br\/literaturalgbtqia\/tag\/jogos\/\" class=\"tag-cloud-link tag-link-22 tag-link-position-14\" style=\"font-size: 8pt;\" aria-label=\"jogos (1 item)\">jogos<\/a>\n<a href=\"https:\/\/labcms.eci.ufmg.br\/literaturalgbtqia\/tag\/lesbico\/\" class=\"tag-cloud-link tag-link-17 tag-link-position-15\" style=\"font-size: 19.018518518519pt;\" aria-label=\"l\u00e9sbico (13 itens)\">l\u00e9sbico<\/a>\n<a href=\"https:\/\/labcms.eci.ufmg.br\/literaturalgbtqia\/tag\/mileniio\/\" class=\"tag-cloud-link tag-link-42 tag-link-position-16\" style=\"font-size: 8pt;\" aria-label=\"mileniio (1 item)\">mileniio<\/a>\n<a href=\"https:\/\/labcms.eci.ufmg.br\/literaturalgbtqia\/tag\/milenio\/\" class=\"tag-cloud-link tag-link-39 tag-link-position-17\" style=\"font-size: 8pt;\" aria-label=\"milenio (1 item)\">milenio<\/a>\n<a href=\"https:\/\/labcms.eci.ufmg.br\/literaturalgbtqia\/tag\/misterio\/\" class=\"tag-cloud-link tag-link-25 tag-link-position-18\" style=\"font-size: 10.333333333333pt;\" aria-label=\"mist\u00e9rio (2 itens)\">mist\u00e9rio<\/a>\n<a href=\"https:\/\/labcms.eci.ufmg.br\/literaturalgbtqia\/tag\/natal\/\" class=\"tag-cloud-link tag-link-33 tag-link-position-19\" style=\"font-size: 8pt;\" aria-label=\"natal (1 item)\">natal<\/a>\n<a href=\"https:\/\/labcms.eci.ufmg.br\/literaturalgbtqia\/tag\/poesia\/\" class=\"tag-cloud-link tag-link-19 tag-link-position-20\" style=\"font-size: 8pt;\" aria-label=\"poesia (1 item)\">poesia<\/a>\n<a href=\"https:\/\/labcms.eci.ufmg.br\/literaturalgbtqia\/tag\/quadrinhos\/\" class=\"tag-cloud-link tag-link-12 tag-link-position-21\" style=\"font-size: 10.333333333333pt;\" aria-label=\"quadrinhos (2 itens)\">quadrinhos<\/a>\n<a href=\"https:\/\/labcms.eci.ufmg.br\/literaturalgbtqia\/tag\/romance\/\" class=\"tag-cloud-link tag-link-5 tag-link-position-22\" style=\"font-size: 21.740740740741pt;\" aria-label=\"romance (22 itens)\">romance<\/a>\n<a href=\"https:\/\/labcms.eci.ufmg.br\/literaturalgbtqia\/tag\/suspense\/\" class=\"tag-cloud-link tag-link-24 tag-link-position-23\" style=\"font-size: 10.333333333333pt;\" aria-label=\"suspense (2 itens)\">suspense<\/a>\n<a href=\"https:\/\/labcms.eci.ufmg.br\/literaturalgbtqia\/tag\/safico\/\" class=\"tag-cloud-link tag-link-16 tag-link-position-24\" style=\"font-size: 18.5pt;\" aria-label=\"s\u00e1fico (12 itens)\">s\u00e1fico<\/a>\n<a href=\"https:\/\/labcms.eci.ufmg.br\/literaturalgbtqia\/tag\/trans\/\" class=\"tag-cloud-link tag-link-35 tag-link-position-25\" style=\"font-size: 10.333333333333pt;\" aria-label=\"Trans (2 itens)\">Trans<\/a>\n<a href=\"https:\/\/labcms.eci.ufmg.br\/literaturalgbtqia\/tag\/travesti\/\" class=\"tag-cloud-link tag-link-34 tag-link-position-26\" style=\"font-size: 8pt;\" aria-label=\"Travesti (1 item)\">Travesti<\/a><\/p>\n\n\n<p><\/p>\n","protected":false},"excerpt":{"rendered":"<p>Seja bem vindo! O &#8220;Eu LGBT+ na literatura brasileira&#8221; \u00e9 um projeto de curadoria digital que visa promover livros brasileiros que trazem como tema principal a vivencia LGBT+, atrav\u00e9s de personagens que trazem essa representatividade e tamb\u00e9m autores que fizeram e fazem parte da constru\u00e7\u00e3o dessa literatura, como Adolfo Caminha com o &#8220;Bom Crioulo&#8221; em [&hellip;]<\/p>\n","protected":false},"author":101,"featured_media":0,"parent":0,"menu_order":0,"comment_status":"closed","ping_status":"closed","template":"","meta":{"footnotes":""},"class_list":["post-160","page","type-page","status-publish","hentry"],"_links":{"self":[{"href":"https:\/\/labcms.eci.ufmg.br\/literaturalgbtqia\/wp-json\/wp\/v2\/pages\/160","targetHints":{"allow":["GET"]}}],"collection":[{"href":"https:\/\/labcms.eci.ufmg.br\/literaturalgbtqia\/wp-json\/wp\/v2\/pages"}],"about":[{"href":"https:\/\/labcms.eci.ufmg.br\/literaturalgbtqia\/wp-json\/wp\/v2\/types\/page"}],"author":[{"embeddable":true,"href":"https:\/\/labcms.eci.ufmg.br\/literaturalgbtqia\/wp-json\/wp\/v2\/users\/101"}],"replies":[{"embeddable":true,"href":"https:\/\/labcms.eci.ufmg.br\/literaturalgbtqia\/wp-json\/wp\/v2\/comments?post=160"}],"version-history":[{"count":5,"href":"https:\/\/labcms.eci.ufmg.br\/literaturalgbtqia\/wp-json\/wp\/v2\/pages\/160\/revisions"}],"predecessor-version":[{"id":2211,"href":"https:\/\/labcms.eci.ufmg.br\/literaturalgbtqia\/wp-json\/wp\/v2\/pages\/160\/revisions\/2211"}],"wp:attachment":[{"href":"https:\/\/labcms.eci.ufmg.br\/literaturalgbtqia\/wp-json\/wp\/v2\/media?parent=160"}],"curies":[{"name":"wp","href":"https:\/\/api.w.org\/{rel}","templated":true}]}}