{"id":173,"date":"2025-06-02T15:53:20","date_gmt":"2025-06-02T18:53:20","guid":{"rendered":"https:\/\/labcms.eci.ufmg.br\/literaturalgbtqia\/?page_id=173"},"modified":"2025-06-16T17:01:02","modified_gmt":"2025-06-16T20:01:02","slug":"saiba-mais","status":"publish","type":"page","link":"https:\/\/labcms.eci.ufmg.br\/literaturalgbtqia\/saiba-mais\/","title":{"rendered":"Saiba mais"},"content":{"rendered":"\n<p>Esse espa\u00e7o \u00e9 voltado para mostrar mais projetos que seguem essa mesma linha sobre literatura LGBT+. Todas as informa\u00e7\u00f5es disponibilizadas aqui foram retiradas do trabalho:<\/p>\n\n\n\n<blockquote class=\"wp-block-quote is-layout-flow wp-block-quote-is-layout-flow\">\n<p class=\"has-text-align-left\">ANDRADE, Diogo Roberto da Silva; SILVA, Franci\u00e9le Carneiro Garc\u00eas da; ALVES, Ana Paula Meneses. O gesto anti-epistemicida e o gesto bibliogr\u00e1fico em acervos virtuais de, sobre e para sujeitos e comunidade LGBTQIA+. <strong>Tend\u00eancias da Pesquisa Brasileira e Ci\u00eancia da Informa\u00e7\u00e3o<\/strong>, [s.l.], v. 17, [s.n.], p. 1-22, 2024. Dispon\u00edvel em: https:\/\/revistas.ancib.org\/index.php\/tpbci\/article\/view\/676. Acesso<br>em: 16 jun. 2025. <\/p>\n<\/blockquote>\n\n\n\n<p><strong>GRUPO DIGNIDADE <\/strong><\/p>\n\n\n\n<figure class=\"wp-block-image size-full is-resized\"><img loading=\"lazy\" decoding=\"async\" width=\"460\" height=\"135\" src=\"https:\/\/labcms.eci.ufmg.br\/literaturalgbtqia\/wp-content\/uploads\/sites\/64\/2025\/06\/Captura-de-tela-2025-06-16-164430.png\" alt=\"\" class=\"wp-image-2217\" style=\"width:317px;height:auto\" srcset=\"https:\/\/labcms.eci.ufmg.br\/literaturalgbtqia\/wp-content\/uploads\/sites\/64\/2025\/06\/Captura-de-tela-2025-06-16-164430.png 460w, https:\/\/labcms.eci.ufmg.br\/literaturalgbtqia\/wp-content\/uploads\/sites\/64\/2025\/06\/Captura-de-tela-2025-06-16-164430-300x88.png 300w, https:\/\/labcms.eci.ufmg.br\/literaturalgbtqia\/wp-content\/uploads\/sites\/64\/2025\/06\/Captura-de-tela-2025-06-16-164430-205x60.png 205w\" sizes=\"auto, (max-width: 460px) 100vw, 460px\" \/><\/figure>\n\n\n\n<p>Link: <a href=\"https:\/\/www.grupodignidade.org.br\/publicacoes\/\">https:\/\/www.grupodignidade.org.br\/publicacoes\/<\/a><\/p>\n\n\n\n<p>\u201cAs \u00e1reas de atua\u00e7\u00e3o priorit\u00e1rias do Grupo Dignidade incluem a intera\u00e7\u00e3o e o atendimento \u00e0 comunidade LGBTI+, inclusive no que diz respeito \u00e0 preven\u00e7\u00e3o do [V\u00edrus da Imunodefici\u00eancia Humana] HIV e das [Infec\u00e7\u00f5es Sexualmente Transmiss\u00edveis] ISTs, a atua\u00e7\u00e3o contra a discrimina\u00e7\u00e3o e a realiza\u00e7\u00e3o de a\u00e7\u00f5es de advocacy para pol\u00edticas p\u00fablicas afirmativas para a popula\u00e7\u00e3o LGBTI+\u201d (Grupo Dignidade, 2023).<\/p>\n\n\n\n<p>Como proposta de informa\u00e7\u00e3o e literatura, o grupo possui uma p\u00e1gina com publica\u00e7\u00f5es gratuitas dispon\u00edveis em Portable Document Format(PDF). O conte\u00fado elencado trata de informa\u00e7\u00f5es que d\u00e3o suporte \u00e0s pessoas e causas socioculturais.<\/p>\n\n\n\n<p><strong>LGBTECA<\/strong><\/p>\n\n\n\n<figure class=\"wp-block-image size-full is-resized\"><img loading=\"lazy\" decoding=\"async\" width=\"470\" height=\"174\" src=\"https:\/\/labcms.eci.ufmg.br\/literaturalgbtqia\/wp-content\/uploads\/sites\/64\/2025\/06\/Captura-de-tela-2025-06-16-164559.png\" alt=\"\" class=\"wp-image-2218\" style=\"width:286px;height:auto\" srcset=\"https:\/\/labcms.eci.ufmg.br\/literaturalgbtqia\/wp-content\/uploads\/sites\/64\/2025\/06\/Captura-de-tela-2025-06-16-164559.png 470w, https:\/\/labcms.eci.ufmg.br\/literaturalgbtqia\/wp-content\/uploads\/sites\/64\/2025\/06\/Captura-de-tela-2025-06-16-164559-300x111.png 300w, https:\/\/labcms.eci.ufmg.br\/literaturalgbtqia\/wp-content\/uploads\/sites\/64\/2025\/06\/Captura-de-tela-2025-06-16-164559-205x76.png 205w\" sizes=\"auto, (max-width: 470px) 100vw, 470px\" \/><\/figure>\n\n\n\n<p>Link: <a href=\"https:\/\/lgbteca.com.br\/index.php\">https:\/\/lgbteca.com.br\/index.php<\/a><\/p>\n\n\n\n<p>A LGBTECA \u00e9 um siteque surge com a inten\u00e7\u00e3o de catalogar os livros LGBT+ publicados no Brasil e formar uma biblioteca variada que atenda todas as letras da sigla.Al\u00e9m de listar os livros por categoria, g\u00eanero e formato, traz tamb\u00e9m uma se\u00e7\u00e3o com os e-booksLGBT+ gratuitos na Amazon e em outros sites, que \u00e9 atualizada diariamente\u201d (LGBTECA, 2023)<\/p>\n\n\n\n<p>BAJUB\u00c1: MEM\u00d3RIA LGBT<\/p>\n\n\n\n<figure class=\"wp-block-image size-full is-resized\"><img loading=\"lazy\" decoding=\"async\" width=\"289\" height=\"245\" src=\"https:\/\/labcms.eci.ufmg.br\/literaturalgbtqia\/wp-content\/uploads\/sites\/64\/2025\/06\/Captura-de-tela-2025-06-16-165027.png\" alt=\"\" class=\"wp-image-2219\" style=\"width:230px;height:auto\" srcset=\"https:\/\/labcms.eci.ufmg.br\/literaturalgbtqia\/wp-content\/uploads\/sites\/64\/2025\/06\/Captura-de-tela-2025-06-16-165027.png 289w, https:\/\/labcms.eci.ufmg.br\/literaturalgbtqia\/wp-content\/uploads\/sites\/64\/2025\/06\/Captura-de-tela-2025-06-16-165027-205x174.png 205w\" sizes=\"auto, (max-width: 289px) 100vw, 289px\" \/><\/figure>\n\n\n\n<p>Link: <a href=\"https:\/\/acervobajuba.com.br\/\">https:\/\/acervobajuba.com.br\/<\/a><\/p>\n\n\n\n<p>\u201cO Acervo Bajub\u00e1 \u00e9 um projeto comunit\u00e1rio de registro de mem\u00f3rias das comunidades LGBT+ brasileiras. Al\u00e9m de reunir uma cole\u00e7\u00e3o de itens que registram a diversidade sexual e a pluralidade de express\u00f5es e identidades de g\u00eanero no Brasil, o Bajub\u00e1 colabora com exposi\u00e7\u00f5es, capacita\u00e7\u00f5es e projetos de produ\u00e7\u00e3o, media\u00e7\u00e3o e circula\u00e7\u00e3o de narrativas sobre as hist\u00f3rias de pessoas LGBT+\u201d (Bajub\u00e1, 2022).<\/p>\n\n\n\n<p>O portal permite que o usu\u00e1rio encontre informa\u00e7\u00f5es sobre os projetos que comp\u00f5es o acervo Bajub\u00e1.<\/p>\n\n\n\n<p>LESWORD: LITERATURA L\u00c9SBICA<\/p>\n\n\n\n<figure class=\"wp-block-image size-full is-resized\"><img loading=\"lazy\" decoding=\"async\" width=\"526\" height=\"220\" src=\"https:\/\/labcms.eci.ufmg.br\/literaturalgbtqia\/wp-content\/uploads\/sites\/64\/2025\/06\/Captura-de-tela-2025-06-16-165409.png\" alt=\"\" class=\"wp-image-2220\" style=\"width:312px;height:auto\" srcset=\"https:\/\/labcms.eci.ufmg.br\/literaturalgbtqia\/wp-content\/uploads\/sites\/64\/2025\/06\/Captura-de-tela-2025-06-16-165409.png 526w, https:\/\/labcms.eci.ufmg.br\/literaturalgbtqia\/wp-content\/uploads\/sites\/64\/2025\/06\/Captura-de-tela-2025-06-16-165409-300x125.png 300w, https:\/\/labcms.eci.ufmg.br\/literaturalgbtqia\/wp-content\/uploads\/sites\/64\/2025\/06\/Captura-de-tela-2025-06-16-165409-205x86.png 205w, https:\/\/labcms.eci.ufmg.br\/literaturalgbtqia\/wp-content\/uploads\/sites\/64\/2025\/06\/Captura-de-tela-2025-06-16-165409-480x201.png 480w\" sizes=\"auto, (max-width: 526px) 100vw, 526px\" \/><\/figure>\n\n\n\n<p>Link: <a href=\"https:\/\/www.lesword.com\/\">https:\/\/www.lesword.com\/<\/a><\/p>\n\n\n\n<p>\u201cO Lesword surgiu despretensioso para abrigar contos homoafetivos femininos e para levar a cultura e literatura homoafetiva a um p\u00fablico que goste de viajar num universo sem as restri\u00e7\u00f5es do mundo real. Quem n\u00e3o vive essas restri\u00e7\u00f5es, quem nasceu e cresceusobre as condutas socialmente aceitas, tem dificuldades para alcan\u00e7ar essa dimens\u00e3o\u201d (Lesword, 2021).<\/p>\n\n\n\n<p>O conte\u00fado da p\u00e1gina \u00e9 variado e qualquer pessoa pode publicar hist\u00f3rias, textos, receitas, entrevistas, indica\u00e7\u00f5es de livros e dicas de filmes, s\u00e9ries e roteiros de viagens<\/p>\n\n\n\n<p><\/p>\n","protected":false},"excerpt":{"rendered":"<p>Esse espa\u00e7o \u00e9 voltado para mostrar mais projetos que seguem essa mesma linha sobre literatura LGBT+. Todas as informa\u00e7\u00f5es disponibilizadas aqui foram retiradas do trabalho: ANDRADE, Diogo Roberto da Silva; SILVA, Franci\u00e9le Carneiro Garc\u00eas da; ALVES, Ana Paula Meneses. O gesto anti-epistemicida e o gesto bibliogr\u00e1fico em acervos virtuais de, sobre e para sujeitos e [&hellip;]<\/p>\n","protected":false},"author":101,"featured_media":0,"parent":0,"menu_order":0,"comment_status":"closed","ping_status":"closed","template":"","meta":{"footnotes":""},"class_list":["post-173","page","type-page","status-publish","hentry"],"_links":{"self":[{"href":"https:\/\/labcms.eci.ufmg.br\/literaturalgbtqia\/wp-json\/wp\/v2\/pages\/173","targetHints":{"allow":["GET"]}}],"collection":[{"href":"https:\/\/labcms.eci.ufmg.br\/literaturalgbtqia\/wp-json\/wp\/v2\/pages"}],"about":[{"href":"https:\/\/labcms.eci.ufmg.br\/literaturalgbtqia\/wp-json\/wp\/v2\/types\/page"}],"author":[{"embeddable":true,"href":"https:\/\/labcms.eci.ufmg.br\/literaturalgbtqia\/wp-json\/wp\/v2\/users\/101"}],"replies":[{"embeddable":true,"href":"https:\/\/labcms.eci.ufmg.br\/literaturalgbtqia\/wp-json\/wp\/v2\/comments?post=173"}],"version-history":[{"count":3,"href":"https:\/\/labcms.eci.ufmg.br\/literaturalgbtqia\/wp-json\/wp\/v2\/pages\/173\/revisions"}],"predecessor-version":[{"id":2222,"href":"https:\/\/labcms.eci.ufmg.br\/literaturalgbtqia\/wp-json\/wp\/v2\/pages\/173\/revisions\/2222"}],"wp:attachment":[{"href":"https:\/\/labcms.eci.ufmg.br\/literaturalgbtqia\/wp-json\/wp\/v2\/media?parent=173"}],"curies":[{"name":"wp","href":"https:\/\/api.w.org\/{rel}","templated":true}]}}