{"id":2115,"date":"2025-06-15T15:27:16","date_gmt":"2025-06-15T18:27:16","guid":{"rendered":"https:\/\/labcms.eci.ufmg.br\/literaturalgbtqia\/?page_id=2115"},"modified":"2025-06-17T22:05:45","modified_gmt":"2025-06-18T01:05:45","slug":"teste","status":"publish","type":"page","link":"https:\/\/labcms.eci.ufmg.br\/literaturalgbtqia\/teste\/","title":{"rendered":"Livros"},"content":{"rendered":"\n<p>Aqui voc\u00ea encontra uma diversidade de livros de v\u00e1rios g\u00eaneros liter\u00e1rios, onde a representatividade LGBT+ est\u00e1 no assunto do livro, nos personagem principais, e at\u00e9 mesmo nos autores. Os conhe\u00e7a!<\/p>\n\n\n\n<p>Cat\u00e9gorias<\/p>\n\n\n\n<ul class=\"wp-block-list\">\n<li>Biogr\u00e1fias<\/li>\n\n\n\n<li>Ci\u00eancias Sociais &#8211; Historia LGBT+ no Brasil<\/li>\n\n\n\n<li>Com\u00e9dia<\/li>\n\n\n\n<li>Contos<\/li>\n\n\n\n<li>Mist\u00e9rios\/suspenses<\/li>\n\n\n\n<li>Poesias<\/li>\n\n\n\n<li>Quadrinhos<\/li>\n\n\n\n<li>Romances<\/li>\n<\/ul>\n\n\n<form role=\"search\" method=\"get\" action=\"https:\/\/labcms.eci.ufmg.br\/literaturalgbtqia\/\" class=\"wp-block-search__button-outside wp-block-search__text-button wp-block-search\"    ><label class=\"wp-block-search__label\" for=\"wp-block-search__input-1\" >Pesquisar<\/label><div class=\"wp-block-search__inside-wrapper \" ><input class=\"wp-block-search__input\" id=\"wp-block-search__input-1\" placeholder=\"\" value=\"\" type=\"search\" name=\"s\" required \/><button aria-label=\"Pesquisar\" class=\"wp-block-search__button wp-element-button\" type=\"submit\" >Pesquisar<\/button><\/div><\/form>\n\n\n<figure class=\"wp-block-gallery has-nested-images columns-default is-cropped wp-block-gallery-2 is-layout-flex wp-block-gallery-is-layout-flex\">\n<figure class=\"wp-block-image size-large\"><a href=\"https:\/\/labcms.eci.ufmg.br\/literaturalgbtqia\/2025\/06\/15\/bom-crioulo\/\"><img loading=\"lazy\" decoding=\"async\" width=\"350\" height=\"555\" data-id=\"693\" src=\"https:\/\/labcms.eci.ufmg.br\/literaturalgbtqia\/wp-content\/uploads\/sites\/64\/tainacan-items\/636\/691\/86998.jpg\" alt=\"\" class=\"wp-image-693\" \/><\/a><figcaption class=\"wp-element-caption\">Bom Crioulo<\/figcaption><\/figure>\n\n\n\n<figure class=\"wp-block-image size-large\"><img loading=\"lazy\" decoding=\"async\" width=\"187\" height=\"269\" data-id=\"745\" src=\"https:\/\/labcms.eci.ufmg.br\/literaturalgbtqia\/wp-content\/uploads\/sites\/64\/tainacan-items\/636\/742\/images-1.jpg\" alt=\"\" class=\"wp-image-745\" \/><figcaption class=\"wp-element-caption\">C\u00f4nica da Casa Assassinada<\/figcaption><\/figure>\n\n\n\n<figure class=\"wp-block-image size-large\"><a href=\"https:\/\/labcms.eci.ufmg.br\/literaturalgbtqia\/2025\/06\/15\/o-amor-nao-e-obvio\/\"><img loading=\"lazy\" decoding=\"async\" width=\"187\" height=\"269\" data-id=\"717\" src=\"https:\/\/labcms.eci.ufmg.br\/literaturalgbtqia\/wp-content\/uploads\/sites\/64\/tainacan-items\/636\/713\/images-5.jpg\" alt=\"\" class=\"wp-image-717\" \/><\/a><figcaption class=\"wp-element-caption\">O amor n\u00e3o \u00e9 obvio<\/figcaption><\/figure>\n\n\n\n<figure class=\"wp-block-image size-large\"><a href=\"https:\/\/labcms.eci.ufmg.br\/literaturalgbtqia\/2025\/06\/15\/oxe-baby\/\"><img loading=\"lazy\" decoding=\"async\" width=\"667\" height=\"1000\" data-id=\"721\" src=\"https:\/\/labcms.eci.ufmg.br\/literaturalgbtqia\/wp-content\/uploads\/sites\/64\/tainacan-items\/636\/715\/71qite3VwUL._UF8941000_QL80_.jpg\" alt=\"\" class=\"wp-image-721\" \/><\/a><figcaption class=\"wp-element-caption\">Oxe, baby<\/figcaption><\/figure>\n\n\n\n<figure class=\"wp-block-image size-large\"><a href=\"https:\/\/labcms.eci.ufmg.br\/literaturalgbtqia\/2025\/06\/15\/coisas-obvias-sobre-o-amor\/\"><img loading=\"lazy\" decoding=\"async\" width=\"306\" height=\"445\" data-id=\"1426\" src=\"https:\/\/labcms.eci.ufmg.br\/literaturalgbtqia\/wp-content\/uploads\/sites\/64\/tainacan-items\/636\/1422\/51YbHB2zJL._SY445_SX342_PQ95_.jpg\" alt=\"\" class=\"wp-image-1426\" \/><\/a><figcaption class=\"wp-element-caption\">coisas obvias sobree o amor<\/figcaption><\/figure>\n\n\n\n<figure class=\"wp-block-image size-large\"><a href=\"https:\/\/labcms.eci.ufmg.br\/literaturalgbtqia\/2025\/06\/15\/tulipas-de-belgrado\/\"><img loading=\"lazy\" decoding=\"async\" width=\"183\" height=\"275\" data-id=\"753\" src=\"https:\/\/labcms.eci.ufmg.br\/literaturalgbtqia\/wp-content\/uploads\/sites\/64\/tainacan-items\/636\/749\/download-4.jpg\" alt=\"\" class=\"wp-image-753\" \/><\/a><figcaption class=\"wp-element-caption\">Tulipas de Belgrado<\/figcaption><\/figure>\n\n\n\n<figure class=\"wp-block-image size-large\"><a href=\"https:\/\/labcms.eci.ufmg.br\/literaturalgbtqia\/2025\/06\/15\/controle\/\"><img loading=\"lazy\" decoding=\"async\" width=\"667\" height=\"1000\" data-id=\"761\" src=\"https:\/\/labcms.eci.ufmg.br\/literaturalgbtqia\/wp-content\/uploads\/sites\/64\/tainacan-items\/636\/757\/91ouerFgQdL._AC_UF10001000_QL80_.jpg\" alt=\"\" class=\"wp-image-761\" \/><\/a><figcaption class=\"wp-element-caption\">Controle<\/figcaption><\/figure>\n\n\n\n<figure class=\"wp-block-image size-large\"><a href=\"https:\/\/labcms.eci.ufmg.br\/literaturalgbtqia\/2025\/06\/15\/amora\/\"><img loading=\"lazy\" decoding=\"async\" width=\"194\" height=\"259\" data-id=\"764\" src=\"https:\/\/labcms.eci.ufmg.br\/literaturalgbtqia\/wp-content\/uploads\/sites\/64\/tainacan-items\/636\/759\/images-4.jpg\" alt=\"\" class=\"wp-image-764\" \/><\/a><figcaption class=\"wp-element-caption\">Amora<\/figcaption><\/figure>\n\n\n\n<figure class=\"wp-block-image size-large\"><img loading=\"lazy\" decoding=\"async\" width=\"668\" height=\"1000\" data-id=\"778\" src=\"https:\/\/labcms.eci.ufmg.br\/literaturalgbtqia\/wp-content\/uploads\/sites\/64\/tainacan-items\/636\/766\/71AeB18dZL._UF8941000_QL80_.jpg\" alt=\"\" class=\"wp-image-778\" \/><figcaption class=\"wp-element-caption\">Jantar secreto<\/figcaption><\/figure>\n\n\n\n<figure class=\"wp-block-image size-large\"><a href=\"https:\/\/labcms.eci.ufmg.br\/literaturalgbtqia\/2025\/06\/15\/conectadas\/\"><img loading=\"lazy\" decoding=\"async\" width=\"710\" height=\"1024\" data-id=\"775\" src=\"https:\/\/labcms.eci.ufmg.br\/literaturalgbtqia\/wp-content\/uploads\/sites\/64\/tainacan-items\/636\/763\/71uw0YHx7L-710x1024.jpg\" alt=\"\" class=\"wp-image-775\" \/><\/a><figcaption class=\"wp-element-caption\">Conectadas<\/figcaption><\/figure>\n\n\n\n<figure class=\"wp-block-image size-large\"><a href=\"https:\/\/labcms.eci.ufmg.br\/literaturalgbtqia\/2025\/06\/15\/romance-real\/\"><img loading=\"lazy\" decoding=\"async\" width=\"310\" height=\"445\" data-id=\"1430\" src=\"https:\/\/labcms.eci.ufmg.br\/literaturalgbtqia\/wp-content\/uploads\/sites\/64\/tainacan-items\/636\/1428\/51aJaZL89WL._SY445_SX342_PQ95_.jpg\" alt=\"\" class=\"wp-image-1430\" \/><\/a><figcaption class=\"wp-element-caption\">Romance Real<\/figcaption><\/figure>\n\n\n\n<figure class=\"wp-block-image size-large\"><a href=\"https:\/\/labcms.eci.ufmg.br\/literaturalgbtqia\/2025\/06\/15\/arlindo\/\"><img loading=\"lazy\" decoding=\"async\" width=\"692\" height=\"1000\" data-id=\"781\" src=\"https:\/\/labcms.eci.ufmg.br\/literaturalgbtqia\/wp-content\/uploads\/sites\/64\/tainacan-items\/636\/769\/81dKTeqfJ9L._AC_UF10001000_QL80_.jpg\" alt=\"\" class=\"wp-image-781\" \/><\/a><figcaption class=\"wp-element-caption\">Arlindo<\/figcaption><\/figure>\n\n\n\n<figure class=\"wp-block-image size-large\"><a href=\"https:\/\/labcms.eci.ufmg.br\/literaturalgbtqia\/2025\/06\/15\/devassos-no-paraiso\/\"><img loading=\"lazy\" decoding=\"async\" width=\"712\" height=\"1024\" data-id=\"783\" src=\"https:\/\/labcms.eci.ufmg.br\/literaturalgbtqia\/wp-content\/uploads\/sites\/64\/tainacan-items\/636\/774\/91MdUC27oEL-712x1024.jpg\" alt=\"\" class=\"wp-image-783\" \/><\/a><figcaption class=\"wp-element-caption\">Devassos no Paraiso<\/figcaption><\/figure>\n\n\n\n<figure class=\"wp-block-image size-large\"><a href=\"https:\/\/labcms.eci.ufmg.br\/literaturalgbtqia\/2025\/06\/15\/enquanto-eu-nao-te-encontro\/\"><img loading=\"lazy\" decoding=\"async\" width=\"182\" height=\"276\" data-id=\"795\" src=\"https:\/\/labcms.eci.ufmg.br\/literaturalgbtqia\/wp-content\/uploads\/sites\/64\/tainacan-items\/636\/793\/download-1.jpg\" alt=\"\" class=\"wp-image-795\" \/><\/a><figcaption class=\"wp-element-caption\">Enquanto eu n\u00e3o te encontro<\/figcaption><\/figure>\n\n\n\n<figure class=\"wp-block-image size-large\"><a href=\"https:\/\/labcms.eci.ufmg.br\/literaturalgbtqia\/2025\/06\/15\/o-mar-me-levou-a-voce\/\"><img loading=\"lazy\" decoding=\"async\" width=\"302\" height=\"445\" data-id=\"1438\" src=\"https:\/\/labcms.eci.ufmg.br\/literaturalgbtqia\/wp-content\/uploads\/sites\/64\/tainacan-items\/636\/1434\/516MEoctlxL._SY445_SX342_PQ95_.jpg\" alt=\"\" class=\"wp-image-1438\" \/><\/a><figcaption class=\"wp-element-caption\">O mar me levou at\u00e9 voc\u00ea<\/figcaption><\/figure>\n\n\n\n<figure class=\"wp-block-image size-large\"><a href=\"https:\/\/labcms.eci.ufmg.br\/literaturalgbtqia\/2025\/06\/15\/espresso-fantasma\/\"><img loading=\"lazy\" decoding=\"async\" width=\"186\" height=\"271\" data-id=\"807\" src=\"https:\/\/labcms.eci.ufmg.br\/literaturalgbtqia\/wp-content\/uploads\/sites\/64\/tainacan-items\/636\/805\/download-3.jpg\" alt=\"\" class=\"wp-image-807\" \/><\/a><figcaption class=\"wp-element-caption\">Expresso Fantasma<\/figcaption><\/figure>\n\n\n\n<figure class=\"wp-block-image size-large\"><a href=\"https:\/\/labcms.eci.ufmg.br\/literaturalgbtqia\/2025\/06\/15\/mais-ou-menos-9-horas\/\"><img loading=\"lazy\" decoding=\"async\" width=\"279\" height=\"445\" data-id=\"1444\" src=\"https:\/\/labcms.eci.ufmg.br\/literaturalgbtqia\/wp-content\/uploads\/sites\/64\/tainacan-items\/636\/1442\/51nQnU35b9L._SY445_SX342_PQ95_.jpg\" alt=\"\" class=\"wp-image-1444\" \/><\/a><figcaption class=\"wp-element-caption\">Mais ou menos 9 horas<\/figcaption><\/figure>\n\n\n\n<figure class=\"wp-block-image size-large\"><a href=\"https:\/\/labcms.eci.ufmg.br\/literaturalgbtqia\/2025\/06\/15\/quinze-dias\/\"><img loading=\"lazy\" decoding=\"async\" width=\"183\" height=\"275\" data-id=\"801\" src=\"https:\/\/labcms.eci.ufmg.br\/literaturalgbtqia\/wp-content\/uploads\/sites\/64\/tainacan-items\/636\/799\/download-2.jpg\" alt=\"\" class=\"wp-image-801\" \/><\/a><figcaption class=\"wp-element-caption\">Quinze dias<\/figcaption><\/figure>\n\n\n\n<figure class=\"wp-block-image size-large\"><a href=\"https:\/\/labcms.eci.ufmg.br\/literaturalgbtqia\/2025\/06\/15\/um-milhao-de-finais-felizes\/\"><img loading=\"lazy\" decoding=\"async\" width=\"296\" height=\"445\" data-id=\"1420\" src=\"https:\/\/labcms.eci.ufmg.br\/literaturalgbtqia\/wp-content\/uploads\/sites\/64\/tainacan-items\/636\/1418\/41hAuJ40iLL._SY445_SX342_PQ95_.jpg\" alt=\"\" class=\"wp-image-1420\" \/><\/a><figcaption class=\"wp-element-caption\">Um milh\u00e3o de finais felizes<\/figcaption><\/figure>\n\n\n\n<figure class=\"wp-block-image size-large\"><a href=\"https:\/\/labcms.eci.ufmg.br\/literaturalgbtqia\/2025\/06\/15\/amor-a-deriva\/\"><img loading=\"lazy\" decoding=\"async\" width=\"142\" height=\"218\" data-id=\"1634\" src=\"https:\/\/labcms.eci.ufmg.br\/literaturalgbtqia\/wp-content\/uploads\/sites\/64\/tainacan-items\/636\/1632\/81OxDXHtnzL._AC_UY218_.jpg\" alt=\"\" class=\"wp-image-1634\" \/><\/a><figcaption class=\"wp-element-caption\">Amor a deriva<\/figcaption><\/figure>\n\n\n\n<figure class=\"wp-block-image size-large\"><a href=\"https:\/\/labcms.eci.ufmg.br\/literaturalgbtqia\/2025\/06\/15\/um-conto-gay-de-natal\/\"><img loading=\"lazy\" decoding=\"async\" width=\"296\" height=\"445\" data-id=\"1598\" src=\"https:\/\/labcms.eci.ufmg.br\/literaturalgbtqia\/wp-content\/uploads\/sites\/64\/tainacan-items\/636\/1596\/41sZH7xIKDL._SY445_SX342_PQ95_.jpg\" alt=\"\" class=\"wp-image-1598\" \/><\/a><figcaption class=\"wp-element-caption\">Um conto gay de natal<\/figcaption><\/figure>\n\n\n\n<figure class=\"wp-block-image size-large\"><a href=\"https:\/\/labcms.eci.ufmg.br\/literaturalgbtqia\/2025\/06\/15\/os-dois-amores-de-hugo-flores\/\"><img loading=\"lazy\" decoding=\"async\" width=\"288\" height=\"445\" data-id=\"1604\" src=\"https:\/\/labcms.eci.ufmg.br\/literaturalgbtqia\/wp-content\/uploads\/sites\/64\/tainacan-items\/636\/1602\/41IpZqSd8cL._SY445_SX342_PQ95_.jpg\" alt=\"\" class=\"wp-image-1604\" \/><\/a><figcaption class=\"wp-element-caption\">Os dois amores de Hugo Flores<\/figcaption><\/figure>\n\n\n\n<figure class=\"wp-block-image size-large\"><a href=\"https:\/\/labcms.eci.ufmg.br\/literaturalgbtqia\/2025\/06\/15\/gay-de-familia\/\"><img loading=\"lazy\" decoding=\"async\" width=\"296\" height=\"445\" data-id=\"1918\" src=\"https:\/\/labcms.eci.ufmg.br\/literaturalgbtqia\/wp-content\/uploads\/sites\/64\/tainacan-items\/636\/1914\/51N1uPR8ycL._SY445_SX342_PQ95_.jpg\" alt=\"\" class=\"wp-image-1918\" \/><\/a><figcaption class=\"wp-element-caption\">Gay de fam\u00edlia<\/figcaption><\/figure>\n\n\n\n<figure class=\"wp-block-image size-large\"><a href=\"https:\/\/labcms.eci.ufmg.br\/literaturalgbtqia\/2025\/06\/15\/tudo-que-ela-me-disse\/\"><img loading=\"lazy\" decoding=\"async\" width=\"288\" height=\"445\" data-id=\"1912\" src=\"https:\/\/labcms.eci.ufmg.br\/literaturalgbtqia\/wp-content\/uploads\/sites\/64\/tainacan-items\/636\/1910\/51Gr0tUcijL._SY445_SX342_PQ95_.jpg\" alt=\"\" class=\"wp-image-1912\" \/><\/a><figcaption class=\"wp-element-caption\">Tudo que ela me disse<\/figcaption><\/figure>\n\n\n\n<figure class=\"wp-block-image size-large\"><a href=\"https:\/\/labcms.eci.ufmg.br\/literaturalgbtqia\/2025\/06\/15\/eu-minha-crush-e-minha-irma\/\"><img loading=\"lazy\" decoding=\"async\" width=\"288\" height=\"445\" data-id=\"1906\" src=\"https:\/\/labcms.eci.ufmg.br\/literaturalgbtqia\/wp-content\/uploads\/sites\/64\/tainacan-items\/636\/1904\/41MROwDebOL._SY445_SX342_PQ95_.jpg\" alt=\"\" class=\"wp-image-1906\" \/><\/a><figcaption class=\"wp-element-caption\">Eu, minha crush e minha irm\u00e3<\/figcaption><\/figure>\n\n\n\n<figure class=\"wp-block-image size-large\"><a href=\"https:\/\/labcms.eci.ufmg.br\/literaturalgbtqia\/2025\/06\/15\/nossa-grande-chance\/\"><img loading=\"lazy\" decoding=\"async\" width=\"265\" height=\"385\" data-id=\"1622\" src=\"https:\/\/labcms.eci.ufmg.br\/literaturalgbtqia\/wp-content\/uploads\/sites\/64\/tainacan-items\/636\/1620\/91BrW2nh5BL._SY385_.jpg\" alt=\"\" class=\"wp-image-1622\" \/><\/a><figcaption class=\"wp-element-caption\">Nossa grande chance<\/figcaption><\/figure>\n\n\n\n<figure class=\"wp-block-image size-large\"><a href=\"https:\/\/labcms.eci.ufmg.br\/literaturalgbtqia\/2025\/06\/15\/nao-somos-melhores-amigas\/\"><img loading=\"lazy\" decoding=\"async\" width=\"265\" height=\"385\" data-id=\"1628\" src=\"https:\/\/labcms.eci.ufmg.br\/literaturalgbtqia\/wp-content\/uploads\/sites\/64\/tainacan-items\/636\/1626\/810c3uETxJL._SY385_.jpg\" alt=\"\" class=\"wp-image-1628\" \/><\/a><figcaption class=\"wp-element-caption\">N\u00e3o somos melhores amigas<\/figcaption><\/figure>\n\n\n\n<figure class=\"wp-block-image size-large\"><a href=\"https:\/\/labcms.eci.ufmg.br\/literaturalgbtqia\/2025\/06\/15\/ciranda-da-solidao\/\"><img loading=\"lazy\" decoding=\"async\" width=\"268\" height=\"385\" data-id=\"1616\" src=\"https:\/\/labcms.eci.ufmg.br\/literaturalgbtqia\/wp-content\/uploads\/sites\/64\/tainacan-items\/636\/1613\/71SwaWs2aBL._SY385_.jpg\" alt=\"\" class=\"wp-image-1616\" \/><\/a><figcaption class=\"wp-element-caption\">Ciranda da solid\u00e3o<\/figcaption><\/figure>\n\n\n\n<figure class=\"wp-block-image size-large\"><a href=\"https:\/\/labcms.eci.ufmg.br\/literaturalgbtqia\/2025\/06\/15\/as-regras-do-jogo\/\"><img loading=\"lazy\" decoding=\"async\" width=\"302\" height=\"445\" data-id=\"1646\" src=\"https:\/\/labcms.eci.ufmg.br\/literaturalgbtqia\/wp-content\/uploads\/sites\/64\/tainacan-items\/636\/1644\/413nyvUVuzL._SY445_SX342_PQ95_.jpg\" alt=\"\" class=\"wp-image-1646\" \/><\/a><figcaption class=\"wp-element-caption\">As regras do jogo<\/figcaption><\/figure>\n\n\n\n<figure class=\"wp-block-image size-large\"><a href=\"https:\/\/labcms.eci.ufmg.br\/literaturalgbtqia\/2025\/06\/15\/querido-ex\/\"><img loading=\"lazy\" decoding=\"async\" width=\"147\" height=\"218\" data-id=\"1640\" src=\"https:\/\/labcms.eci.ufmg.br\/literaturalgbtqia\/wp-content\/uploads\/sites\/64\/tainacan-items\/636\/1636\/81MSMP0RYGL._AC_UY218_.jpg\" alt=\"\" class=\"wp-image-1640\" \/><\/a><figcaption class=\"wp-element-caption\">Querido ex<\/figcaption><\/figure>\n\n\n\n<figure class=\"wp-block-image size-large\"><a href=\"https:\/\/labcms.eci.ufmg.br\/literaturalgbtqia\/2025\/06\/15\/enverga-mas-nao-quebra\/\"><img loading=\"lazy\" decoding=\"async\" width=\"287\" height=\"425\" data-id=\"1610\" src=\"https:\/\/labcms.eci.ufmg.br\/literaturalgbtqia\/wp-content\/uploads\/sites\/64\/tainacan-items\/636\/1607\/61tTbJQRrIL._SY425_.jpg\" alt=\"\" class=\"wp-image-1610\" \/><\/a><figcaption class=\"wp-element-caption\">Enverga mas n\u00e3o quebra<\/figcaption><\/figure>\n<\/figure>\n","protected":false},"excerpt":{"rendered":"<p>Aqui voc\u00ea encontra uma diversidade de livros de v\u00e1rios g\u00eaneros liter\u00e1rios, onde a representatividade LGBT+ est\u00e1 no assunto do livro, nos personagem principais, e at\u00e9 mesmo nos autores. Os conhe\u00e7a! Cat\u00e9gorias<\/p>\n","protected":false},"author":101,"featured_media":180,"parent":0,"menu_order":0,"comment_status":"closed","ping_status":"closed","template":"","meta":{"footnotes":""},"class_list":["post-2115","page","type-page","status-publish","has-post-thumbnail","hentry"],"_links":{"self":[{"href":"https:\/\/labcms.eci.ufmg.br\/literaturalgbtqia\/wp-json\/wp\/v2\/pages\/2115","targetHints":{"allow":["GET"]}}],"collection":[{"href":"https:\/\/labcms.eci.ufmg.br\/literaturalgbtqia\/wp-json\/wp\/v2\/pages"}],"about":[{"href":"https:\/\/labcms.eci.ufmg.br\/literaturalgbtqia\/wp-json\/wp\/v2\/types\/page"}],"author":[{"embeddable":true,"href":"https:\/\/labcms.eci.ufmg.br\/literaturalgbtqia\/wp-json\/wp\/v2\/users\/101"}],"replies":[{"embeddable":true,"href":"https:\/\/labcms.eci.ufmg.br\/literaturalgbtqia\/wp-json\/wp\/v2\/comments?post=2115"}],"version-history":[{"count":11,"href":"https:\/\/labcms.eci.ufmg.br\/literaturalgbtqia\/wp-json\/wp\/v2\/pages\/2115\/revisions"}],"predecessor-version":[{"id":2253,"href":"https:\/\/labcms.eci.ufmg.br\/literaturalgbtqia\/wp-json\/wp\/v2\/pages\/2115\/revisions\/2253"}],"wp:featuredmedia":[{"embeddable":true,"href":"https:\/\/labcms.eci.ufmg.br\/literaturalgbtqia\/wp-json\/wp\/v2\/media\/180"}],"wp:attachment":[{"href":"https:\/\/labcms.eci.ufmg.br\/literaturalgbtqia\/wp-json\/wp\/v2\/media?parent=2115"}],"curies":[{"name":"wp","href":"https:\/\/api.w.org\/{rel}","templated":true}]}}