{"id":178,"date":"2025-06-04T12:36:44","date_gmt":"2025-06-04T15:36:44","guid":{"rendered":"https:\/\/labcms.eci.ufmg.br\/mercadonovo\/?page_id=178"},"modified":"2025-06-18T12:40:32","modified_gmt":"2025-06-18T15:40:32","slug":"menu","status":"publish","type":"page","link":"https:\/\/labcms.eci.ufmg.br\/mercadonovo\/menu\/","title":{"rendered":"QU\u00ca QUI\u00c9?"},"content":{"rendered":"\n<h2 class=\"wp-block-heading has-text-align-center has-default-color has-text-color has-link-color wp-elements-9524cb743299057ffcf5e6696de1602f\"><strong>QU\u00ca QUI\u00c9?<\/strong><\/h2>\n\n\n\n<figure class=\"wp-block-image alignwide size-large\"><img loading=\"lazy\" decoding=\"async\" width=\"1024\" height=\"317\" src=\"https:\/\/labcms.eci.ufmg.br\/mercadonovo\/wp-content\/uploads\/sites\/63\/2025\/06\/cropped-Picsart_25-06-06_14-59-02-462-1-1024x317.jpg\" alt=\"\" class=\"wp-image-347\" srcset=\"https:\/\/labcms.eci.ufmg.br\/mercadonovo\/wp-content\/uploads\/sites\/63\/2025\/06\/cropped-Picsart_25-06-06_14-59-02-462-1-1024x317.jpg 1024w, https:\/\/labcms.eci.ufmg.br\/mercadonovo\/wp-content\/uploads\/sites\/63\/2025\/06\/cropped-Picsart_25-06-06_14-59-02-462-1-300x93.jpg 300w, https:\/\/labcms.eci.ufmg.br\/mercadonovo\/wp-content\/uploads\/sites\/63\/2025\/06\/cropped-Picsart_25-06-06_14-59-02-462-1-768x238.jpg 768w, https:\/\/labcms.eci.ufmg.br\/mercadonovo\/wp-content\/uploads\/sites\/63\/2025\/06\/cropped-Picsart_25-06-06_14-59-02-462-1-1536x476.jpg 1536w, https:\/\/labcms.eci.ufmg.br\/mercadonovo\/wp-content\/uploads\/sites\/63\/2025\/06\/cropped-Picsart_25-06-06_14-59-02-462-1-205x64.jpg 205w, https:\/\/labcms.eci.ufmg.br\/mercadonovo\/wp-content\/uploads\/sites\/63\/2025\/06\/cropped-Picsart_25-06-06_14-59-02-462-1-480x149.jpg 480w, https:\/\/labcms.eci.ufmg.br\/mercadonovo\/wp-content\/uploads\/sites\/63\/2025\/06\/cropped-Picsart_25-06-06_14-59-02-462-1.jpg 2000w\" sizes=\"auto, (max-width: 1024px) 100vw, 1024px\" \/><\/figure>\n\n\n\n<blockquote class=\"wp-block-quote is-layout-flow wp-block-quote-is-layout-flow\">\n<p class=\"has-text-align-left\">O&nbsp;<strong>\u201cOncov\u00f4?\u201d<\/strong>&nbsp;se baseia em um trabalho cuidadoso de curadoria digital que visa proporcionar o acesso \u00e0 informa\u00e7\u00f5es relevantes e confi\u00e1veis sobre alguns dos&nbsp; estabelecimentos do Mercado Novo, destacando suas hist\u00f3rias, propostas e singularidades. A iniciativa busca valorizar a diversidade cultural e gastron\u00f4mica do local, aproximando o p\u00fablico dos empreendimentos e incentivando o consumo consciente e informado.<\/p>\n\n\n\n<p class=\"has-text-align-left\">A curadoria digital envolve a gest\u00e3o ativa dos recursos digitais, compreendendo a sele\u00e7\u00e3o, coleta, arquivamento, preserva\u00e7\u00e3o e manuten\u00e7\u00e3o do conte\u00fado digital durante todo o seu ciclo de vida. Essa gest\u00e3o objetiva garantir o acesso para uso e reuso das informa\u00e7\u00f5es presentes no conte\u00fado armazenado.<\/p>\n<\/blockquote>\n\n\n\n<h3 class=\"wp-block-heading\"><strong>Miss\u00e3o<\/strong><\/h3>\n\n\n\n<p>Promover o acesso qualificado e confi\u00e1vel a informa\u00e7\u00f5es sobre os estabelecimentos do Mercado Novo por meio de uma curadoria digital atenta e criteriosa, destacando as hist\u00f3rias, propostas e singularidades dos empreendimentos, com o intuito de valorizar a diversidade cultural e gastron\u00f4mica do local e incentivar o consumo consciente.<\/p>\n\n\n\n<h3 class=\"wp-block-heading\"><strong>Vis\u00e3o<\/strong><\/h3>\n\n\n\n<p>Ser uma refer\u00eancia em curadoria digital voltada para espa\u00e7os culturais e comerciais urbanos, contribuindo para a preserva\u00e7\u00e3o da mem\u00f3ria local, o fortalecimento de pequenos neg\u00f3cios e a constru\u00e7\u00e3o de um p\u00fablico mais engajado, informado e participativo.<\/p>\n\n\n\n<h3 class=\"wp-block-heading\"><strong>Valores<\/strong><\/h3>\n\n\n\n<ul class=\"wp-block-list\">\n<li><strong>Acessibilidade da informa\u00e7\u00e3o:<\/strong> Compromisso com a clareza, organiza\u00e7\u00e3o e democratiza\u00e7\u00e3o do acesso ao conte\u00fado.<\/li>\n\n\n\n<li><strong>Diversidade e inclus\u00e3o:<\/strong> Respeito e valoriza\u00e7\u00e3o das m\u00faltiplas express\u00f5es culturais, sociais e econ\u00f4micas presentes no Mercado Novo.<\/li>\n\n\n\n<li><strong>Consumo consciente:<\/strong> Incentivo a pr\u00e1ticas de consumo mais cr\u00edticas, \u00e9ticas e sustent\u00e1veis.<\/li>\n\n\n\n<li><strong>Preserva\u00e7\u00e3o da mem\u00f3ria:<\/strong> Compromisso com a documenta\u00e7\u00e3o e salvaguarda da hist\u00f3ria e identidade dos empreendimentos locais.<\/li>\n\n\n\n<li><strong>Rigor informacional:<\/strong> Aplica\u00e7\u00e3o de princ\u00edpios da Biblioteconomia na curadoria, garantindo qualidade, autenticidade e confiabilidade dos dados compartilhados.<\/li>\n<\/ul>\n\n\n\n<h2 class=\"wp-block-heading\">QUEM QUI FEZ?<\/h2>\n\n\n\n<p class=\"has-default-color has-text-color has-link-color wp-elements-d0efca23ec1e11399dec8e2fe9c44880\">O projeto &#8220;Oncov\u00f4? \u2013 Mercado Novo&#8221; foi idealizado e desenvolvido pelas graduandas em Biblioteconomia pela Universidade Federal de Minas Gerais (UFMG), Laurita Bourel Calvo, Milena de Matos Santos e Vit\u00f3ria Gabriele da Silva Barbosa. A iniciativa surgiu com o objetivo de realizar uma curadoria dos estabelecimentos localizados no Mercado Novo, em Belo Horizonte, promovendo a organiza\u00e7\u00e3o e a acessibilidade das informa\u00e7\u00f5es sobre o espa\u00e7o. A partir dos conhecimentos adquiridos ao longo do curso, as estudantes aplicaram princ\u00edpios da Biblioteconomia para mapear, classificar e tornar vis\u00edvel a diversidade de empreendimentos presentes no local, contribuindo para a valoriza\u00e7\u00e3o cultural e informacional do Mercado Novo.<\/p>\n\n\n\n<p><\/p>\n\n\n\n<div class=\"wp-block-group is-layout-grid wp-container-core-group-is-layout-1 wp-block-group-is-layout-grid\">\n<figure class=\"wp-block-image size-large wp-container-content-1\"><img loading=\"lazy\" decoding=\"async\" width=\"768\" height=\"1024\" src=\"https:\/\/labcms.eci.ufmg.br\/mercadonovo\/wp-content\/uploads\/sites\/63\/2025\/06\/IMG-20250616-WA0021-768x1024.jpg\" alt=\"\" class=\"wp-image-1476\" srcset=\"https:\/\/labcms.eci.ufmg.br\/mercadonovo\/wp-content\/uploads\/sites\/63\/2025\/06\/IMG-20250616-WA0021-768x1024.jpg 768w, https:\/\/labcms.eci.ufmg.br\/mercadonovo\/wp-content\/uploads\/sites\/63\/2025\/06\/IMG-20250616-WA0021-225x300.jpg 225w, https:\/\/labcms.eci.ufmg.br\/mercadonovo\/wp-content\/uploads\/sites\/63\/2025\/06\/IMG-20250616-WA0021-205x273.jpg 205w, https:\/\/labcms.eci.ufmg.br\/mercadonovo\/wp-content\/uploads\/sites\/63\/2025\/06\/IMG-20250616-WA0021-480x640.jpg 480w, https:\/\/labcms.eci.ufmg.br\/mercadonovo\/wp-content\/uploads\/sites\/63\/2025\/06\/IMG-20250616-WA0021.jpg 966w\" sizes=\"auto, (max-width: 768px) 100vw, 768px\" \/><figcaption class=\"wp-element-caption\">Laurita Bourel<\/figcaption><\/figure>\n\n\n\n<figure class=\"wp-block-image size-large\"><img loading=\"lazy\" decoding=\"async\" width=\"764\" height=\"1024\" src=\"https:\/\/labcms.eci.ufmg.br\/mercadonovo\/wp-content\/uploads\/sites\/63\/2025\/06\/1000082986-764x1024.jpg\" alt=\"\" class=\"wp-image-1483\" srcset=\"https:\/\/labcms.eci.ufmg.br\/mercadonovo\/wp-content\/uploads\/sites\/63\/2025\/06\/1000082986-764x1024.jpg 764w, https:\/\/labcms.eci.ufmg.br\/mercadonovo\/wp-content\/uploads\/sites\/63\/2025\/06\/1000082986-224x300.jpg 224w, https:\/\/labcms.eci.ufmg.br\/mercadonovo\/wp-content\/uploads\/sites\/63\/2025\/06\/1000082986-768x1029.jpg 768w, https:\/\/labcms.eci.ufmg.br\/mercadonovo\/wp-content\/uploads\/sites\/63\/2025\/06\/1000082986-205x275.jpg 205w, https:\/\/labcms.eci.ufmg.br\/mercadonovo\/wp-content\/uploads\/sites\/63\/2025\/06\/1000082986-480x643.jpg 480w, https:\/\/labcms.eci.ufmg.br\/mercadonovo\/wp-content\/uploads\/sites\/63\/2025\/06\/1000082986.jpg 818w\" sizes=\"auto, (max-width: 764px) 100vw, 764px\" \/><figcaption class=\"wp-element-caption\">Milena Matos<\/figcaption><\/figure>\n\n\n\n<figure class=\"wp-block-image size-large wp-container-content-2\"><img loading=\"lazy\" decoding=\"async\" width=\"768\" height=\"1024\" src=\"https:\/\/labcms.eci.ufmg.br\/mercadonovo\/wp-content\/uploads\/sites\/63\/2025\/06\/IMG-20250616-WA0020-768x1024.jpg\" alt=\"\" class=\"wp-image-1479\" srcset=\"https:\/\/labcms.eci.ufmg.br\/mercadonovo\/wp-content\/uploads\/sites\/63\/2025\/06\/IMG-20250616-WA0020-768x1024.jpg 768w, https:\/\/labcms.eci.ufmg.br\/mercadonovo\/wp-content\/uploads\/sites\/63\/2025\/06\/IMG-20250616-WA0020-225x300.jpg 225w, https:\/\/labcms.eci.ufmg.br\/mercadonovo\/wp-content\/uploads\/sites\/63\/2025\/06\/IMG-20250616-WA0020-1152x1536.jpg 1152w, https:\/\/labcms.eci.ufmg.br\/mercadonovo\/wp-content\/uploads\/sites\/63\/2025\/06\/IMG-20250616-WA0020-1536x2048.jpg 1536w, https:\/\/labcms.eci.ufmg.br\/mercadonovo\/wp-content\/uploads\/sites\/63\/2025\/06\/IMG-20250616-WA0020-205x273.jpg 205w, https:\/\/labcms.eci.ufmg.br\/mercadonovo\/wp-content\/uploads\/sites\/63\/2025\/06\/IMG-20250616-WA0020-480x640.jpg 480w, https:\/\/labcms.eci.ufmg.br\/mercadonovo\/wp-content\/uploads\/sites\/63\/2025\/06\/IMG-20250616-WA0020-scaled.jpg 1920w\" sizes=\"auto, (max-width: 768px) 100vw, 768px\" \/><figcaption class=\"wp-element-caption\">Vit\u00f3ria Gabriele Barbosa<\/figcaption><\/figure>\n<\/div>\n\n\n\n<p><\/p>\n","protected":false},"excerpt":{"rendered":"<p>QU\u00ca QUI\u00c9? O&nbsp;\u201cOncov\u00f4?\u201d&nbsp;se baseia em um trabalho cuidadoso de curadoria digital que visa proporcionar o acesso \u00e0 informa\u00e7\u00f5es relevantes e confi\u00e1veis sobre alguns dos&nbsp; estabelecimentos do Mercado Novo, destacando suas hist\u00f3rias, propostas e singularidades. A iniciativa busca valorizar a diversidade cultural e gastron\u00f4mica do local, aproximando o p\u00fablico dos empreendimentos e incentivando o consumo consciente [&hellip;]<\/p>\n","protected":false},"author":90,"featured_media":0,"parent":0,"menu_order":0,"comment_status":"closed","ping_status":"closed","template":"page-templates\/landing-breadcrumb.php","meta":{"footnotes":""},"class_list":["post-178","page","type-page","status-publish","hentry"],"_links":{"self":[{"href":"https:\/\/labcms.eci.ufmg.br\/mercadonovo\/wp-json\/wp\/v2\/pages\/178","targetHints":{"allow":["GET"]}}],"collection":[{"href":"https:\/\/labcms.eci.ufmg.br\/mercadonovo\/wp-json\/wp\/v2\/pages"}],"about":[{"href":"https:\/\/labcms.eci.ufmg.br\/mercadonovo\/wp-json\/wp\/v2\/types\/page"}],"author":[{"embeddable":true,"href":"https:\/\/labcms.eci.ufmg.br\/mercadonovo\/wp-json\/wp\/v2\/users\/90"}],"replies":[{"embeddable":true,"href":"https:\/\/labcms.eci.ufmg.br\/mercadonovo\/wp-json\/wp\/v2\/comments?post=178"}],"version-history":[{"count":28,"href":"https:\/\/labcms.eci.ufmg.br\/mercadonovo\/wp-json\/wp\/v2\/pages\/178\/revisions"}],"predecessor-version":[{"id":1500,"href":"https:\/\/labcms.eci.ufmg.br\/mercadonovo\/wp-json\/wp\/v2\/pages\/178\/revisions\/1500"}],"wp:attachment":[{"href":"https:\/\/labcms.eci.ufmg.br\/mercadonovo\/wp-json\/wp\/v2\/media?parent=178"}],"curies":[{"name":"wp","href":"https:\/\/api.w.org\/{rel}","templated":true}]}}