{"id":303,"date":"2025-06-04T20:52:35","date_gmt":"2025-06-04T23:52:35","guid":{"rendered":"https:\/\/labcms.eci.ufmg.br\/mercadonovo\/?page_id=303"},"modified":"2025-06-17T00:34:57","modified_gmt":"2025-06-17T03:34:57","slug":"contato","status":"publish","type":"page","link":"https:\/\/labcms.eci.ufmg.br\/mercadonovo\/contato\/","title":{"rendered":"CONTATO"},"content":{"rendered":"\n<div class=\"wp-block-columns is-layout-flex wp-container-core-columns-is-layout-3 wp-block-columns-is-layout-flex\">\n<div class=\"wp-block-column is-layout-flow wp-block-column-is-layout-flow\" style=\"flex-basis:100%\">\n<div class=\"wp-block-group alignwide is-nowrap is-layout-flex wp-container-core-group-is-layout-3 wp-block-group-is-layout-flex\">\n<details class=\"wp-block-details is-layout-flow wp-block-details-is-layout-flow\"><summary>Este canal \u00e9 destinado \u00e0 contribui\u00e7\u00e3o dos usu\u00e1rios com sugest\u00f5es, corre\u00e7\u00f5es ou novos dados sobre os bares e restaurantes do Mercado Novo. Sua participa\u00e7\u00e3o ajuda a manter nossa curadoria atualizada e colaborativa!<\/summary>\t<div id=\"respond\" class=\"comment-respond wp-block-post-comments-form\">\n\t\t<h3 id=\"reply-title\" class=\"comment-reply-title\">Deixe um coment\u00e1rio <small><a rel=\"nofollow\" class=\"btn btn-info text-haiti bg-white border-oslo-gray align-self-center mt-3 ml-auto mr-1\" id=\"cancel-comment-reply-link\" href=\"\/mercadonovo\/wp-json\/wp\/v2\/pages\/303#respond\" style=\"display:none;\">Cancelar resposta<\/a><\/small><\/h3><form action=\"https:\/\/labcms.eci.ufmg.br\/mercadonovo\/wp-comments-post.php\" method=\"post\" id=\"commentform\" class=\"comment-form\" novalidate><p class=\"comment-notes\"><span id=\"email-notes\">O seu endere\u00e7o de e-mail n\u00e3o ser\u00e1 publicado.<\/span> <span class=\"required-field-message\">Campos obrigat\u00f3rios s\u00e3o marcados com <span class=\"required\">*<\/span><\/span><\/p><p class=\"comment-form-comment\"><label for=\"comment\">Coment\u00e1rio <span class=\"required\">*<\/span><\/label> <textarea id=\"comment\" name=\"comment\" cols=\"45\" rows=\"8\" maxlength=\"65525\" required><\/textarea><\/p><p class=\"comment-form-author\"><label for=\"author\">Nome <span class=\"required\">*<\/span><\/label> <input id=\"author\" name=\"author\" type=\"text\" value=\"\" size=\"30\" maxlength=\"245\" autocomplete=\"name\" required \/><\/p>\n<p class=\"comment-form-email\"><label for=\"email\">E-mail <span class=\"required\">*<\/span><\/label> <input id=\"email\" name=\"email\" type=\"email\" value=\"\" size=\"30\" maxlength=\"100\" aria-describedby=\"email-notes\" autocomplete=\"email\" required \/><\/p>\n<p class=\"comment-form-url\"><label for=\"url\">Site<\/label> <input id=\"url\" name=\"url\" type=\"url\" value=\"\" size=\"30\" maxlength=\"200\" autocomplete=\"url\" \/><\/p>\n<p class=\"comment-form-cookies-consent\"><input id=\"wp-comment-cookies-consent\" name=\"wp-comment-cookies-consent\" type=\"checkbox\" value=\"yes\" \/> <label for=\"wp-comment-cookies-consent\">Salvar meus dados neste navegador para a pr\u00f3xima vez que eu comentar.<\/label><\/p>\n<p class=\"form-submit\"><input name=\"submit\" type=\"submit\" id=\"submit\" class=\"submit\" value=\"Publicar coment\u00e1rio\" \/> <input type='hidden' name='comment_post_ID' value='303' id='comment_post_ID' \/>\n<input type='hidden' name='comment_parent' id='comment_parent' value='0' \/>\n<\/p><\/form>\t<\/div><!-- #respond -->\n\t\n\n\n<div class=\"wp-block-comments\"><h2 id=\"comments\" class=\"wp-block-comments-title\">2 respostas para &#8220;CONTATO&#8221;<\/h2>\n\n<ol class=\"wp-block-comment-template\"><li id=\"comment-3\" class=\"comment even thread-even depth-1\">\n\n<div class=\"wp-block-columns is-layout-flex wp-container-core-columns-is-layout-1 wp-block-columns-is-layout-flex\">\n<div class=\"wp-block-column is-layout-flow wp-block-column-is-layout-flow\" style=\"flex-basis:40px\"><div class=\"wp-block-avatar\"><img alt='Avatar de Carine' src='https:\/\/secure.gravatar.com\/avatar\/3d35b1c8359a7595bc8fbfc1f98d4674?s=40&#038;d=mm&#038;r=g' srcset='https:\/\/secure.gravatar.com\/avatar\/3d35b1c8359a7595bc8fbfc1f98d4674?s=80&#038;d=mm&#038;r=g 2x' class='avatar avatar-40 photo wp-block-avatar__image' height='40' width='40'  style=\"border-radius:20px;\"\/><\/div><\/div>\n\n\n\n<div class=\"wp-block-column is-layout-flow wp-block-column-is-layout-flow\"><div class=\"wp-block-comment-author-name has-small-font-size\">Carine<\/div>\n\n\n<div class=\"wp-block-group is-layout-flex wp-block-group-is-layout-flex\" style=\"margin-top:0px;margin-bottom:0px\"><div class=\"wp-block-comment-date has-small-font-size\"><time datetime=\"2025-06-18T19:55:12-03:00\"><a href=\"https:\/\/labcms.eci.ufmg.br\/mercadonovo\/contato\/#comment-3\">18 de junho de 2025<\/a><\/time><\/div>\n\n<\/div>\n\n\n<div class=\"wp-block-comment-content\"><div class=\"comment-text\"><p>Muito bom o projeto! Fiquei com vontade de conhecer! Arrasaram.<\/p>\n<\/div><\/div>\n\n<div class=\"wp-block-comment-reply-link has-small-font-size\"><a rel=\"nofollow\" class=\"comment-reply-link\" href=\"https:\/\/labcms.eci.ufmg.br\/mercadonovo\/contato\/?replytocom=3#respond\" data-commentid=\"3\" data-postid=\"303\" data-belowelement=\"comment-3\" data-respondelement=\"respond\" data-replyto=\"Responder para Carine\" aria-label=\"Responder para Carine\">Responder<\/a><\/div><\/div>\n<\/div>\n\n<ol><li id=\"comment-4\" class=\"comment byuser comment-author-milena bypostauthor odd alt depth-2\">\n\n<div class=\"wp-block-columns is-layout-flex wp-container-core-columns-is-layout-2 wp-block-columns-is-layout-flex\">\n<div class=\"wp-block-column is-layout-flow wp-block-column-is-layout-flow\" style=\"flex-basis:40px\"><div class=\"wp-block-avatar\"><img alt='Avatar de Equipe Oncov\u00f4' src='https:\/\/secure.gravatar.com\/avatar\/e91529184c04a001ac8529f8a354bc1f?s=40&#038;d=mm&#038;r=g' srcset='https:\/\/secure.gravatar.com\/avatar\/e91529184c04a001ac8529f8a354bc1f?s=80&#038;d=mm&#038;r=g 2x' class='avatar avatar-40 photo wp-block-avatar__image' height='40' width='40'  style=\"border-radius:20px;\"\/><\/div><\/div>\n\n\n\n<div class=\"wp-block-column is-layout-flow wp-block-column-is-layout-flow\"><div class=\"wp-block-comment-author-name has-small-font-size\">Equipe Oncov\u00f4<\/div>\n\n\n<div class=\"wp-block-group is-layout-flex wp-block-group-is-layout-flex\" style=\"margin-top:0px;margin-bottom:0px\"><div class=\"wp-block-comment-date has-small-font-size\"><time datetime=\"2025-06-19T12:02:16-03:00\"><a href=\"https:\/\/labcms.eci.ufmg.br\/mercadonovo\/contato\/#comment-4\">19 de junho de 2025<\/a><\/time><\/div>\n\n<\/div>\n\n\n<div class=\"wp-block-comment-content\"><div class=\"comment-text\"><p>Oii, Carine! \ud83d\ude04<br \/>\nEsse projeto foi feito com muito carinho, e a gente fica super feliz que voc\u00ea tenha curtido!<br \/>\nN\u00e3o deixa de dar um pulinho no Mercado Novo pra conhecer cada cantinho \u2014 cada estabelecimento tem uma hist\u00f3ria deliciosa pra contar atrav\u00e9s dos sabores! \ud83d\ude0b\u2728<\/p>\n<\/div><\/div>\n\n<div class=\"wp-block-comment-reply-link has-small-font-size\"><a rel=\"nofollow\" class=\"comment-reply-link\" href=\"https:\/\/labcms.eci.ufmg.br\/mercadonovo\/contato\/?replytocom=4#respond\" data-commentid=\"4\" data-postid=\"303\" data-belowelement=\"comment-4\" data-respondelement=\"respond\" data-replyto=\"Responder para Equipe Oncov\u00f4\" aria-label=\"Responder para Equipe Oncov\u00f4\">Responder<\/a><\/div><\/div>\n<\/div>\n\n<\/li><\/ol><\/li><\/ol>\n\n<\/div>\n<\/details>\n<\/div>\n<\/div>\n<\/div>\n\n\n\n<p><\/p>\n\n\n\n<p>Voc\u00ea tamb\u00e9m pode entrar em contato conosco por meio do e-mail institucional do Oncov\u00f4 dispon\u00edvel abaixo. Siga-nos nas redes sociais <strong>@oncovomercadonovo<\/strong> ou pelo link indicado e, caso tenha sugest\u00f5es e\/ou reclama\u00e7\u00f5es, utilize o formul\u00e1rio acess\u00edvel no link abaixo. Se est\u00e1 em busca de uma parceria, entre em contato conosco pelo e-mail institucional.<\/p>\n\n\n\n<ul class=\"wp-block-social-links is-content-justification-left is-layout-flex wp-container-core-social-links-is-layout-1 wp-block-social-links-is-layout-flex\"><li class=\"wp-social-link wp-social-link-mail  wp-block-social-link\"><a href=\"mailto:o&#110;&#099;&#111;vo&#109;erc&#097;&#100;o&#110;&#111;vo&#064;gm&#097;il&#046;c&#111;m\" class=\"wp-block-social-link-anchor\"><svg width=\"24\" height=\"24\" viewBox=\"0 0 24 24\" version=\"1.1\" xmlns=\"http:\/\/www.w3.org\/2000\/svg\" aria-hidden=\"true\" focusable=\"false\"><path d=\"M19,5H5c-1.1,0-2,.9-2,2v10c0,1.1.9,2,2,2h14c1.1,0,2-.9,2-2V7c0-1.1-.9-2-2-2zm.5,12c0,.3-.2.5-.5.5H5c-.3,0-.5-.2-.5-.5V9.8l7.5,5.6,7.5-5.6V17zm0-9.1L12,13.6,4.5,7.9V7c0-.3.2-.5.5-.5h14c.3,0,.5.2.5.5v.9z\"><\/path><\/svg><span class=\"wp-block-social-link-label screen-reader-text\">Mail<\/span><\/a><\/li>\n\n<li class=\"wp-social-link wp-social-link-instagram  wp-block-social-link\"><a href=\"https:\/\/www.instagram.com\/oncovomercado?igsh=eHY1YTZkcWpoeXQ=\" class=\"wp-block-social-link-anchor\"><svg width=\"24\" height=\"24\" viewBox=\"0 0 24 24\" version=\"1.1\" xmlns=\"http:\/\/www.w3.org\/2000\/svg\" aria-hidden=\"true\" focusable=\"false\"><path d=\"M12,4.622c2.403,0,2.688,0.009,3.637,0.052c0.877,0.04,1.354,0.187,1.671,0.31c0.42,0.163,0.72,0.358,1.035,0.673 c0.315,0.315,0.51,0.615,0.673,1.035c0.123,0.317,0.27,0.794,0.31,1.671c0.043,0.949,0.052,1.234,0.052,3.637 s-0.009,2.688-0.052,3.637c-0.04,0.877-0.187,1.354-0.31,1.671c-0.163,0.42-0.358,0.72-0.673,1.035 c-0.315,0.315-0.615,0.51-1.035,0.673c-0.317,0.123-0.794,0.27-1.671,0.31c-0.949,0.043-1.233,0.052-3.637,0.052 s-2.688-0.009-3.637-0.052c-0.877-0.04-1.354-0.187-1.671-0.31c-0.42-0.163-0.72-0.358-1.035-0.673 c-0.315-0.315-0.51-0.615-0.673-1.035c-0.123-0.317-0.27-0.794-0.31-1.671C4.631,14.688,4.622,14.403,4.622,12 s0.009-2.688,0.052-3.637c0.04-0.877,0.187-1.354,0.31-1.671c0.163-0.42,0.358-0.72,0.673-1.035 c0.315-0.315,0.615-0.51,1.035-0.673c0.317-0.123,0.794-0.27,1.671-0.31C9.312,4.631,9.597,4.622,12,4.622 M12,3 C9.556,3,9.249,3.01,8.289,3.054C7.331,3.098,6.677,3.25,6.105,3.472C5.513,3.702,5.011,4.01,4.511,4.511 c-0.5,0.5-0.808,1.002-1.038,1.594C3.25,6.677,3.098,7.331,3.054,8.289C3.01,9.249,3,9.556,3,12c0,2.444,0.01,2.751,0.054,3.711 c0.044,0.958,0.196,1.612,0.418,2.185c0.23,0.592,0.538,1.094,1.038,1.594c0.5,0.5,1.002,0.808,1.594,1.038 c0.572,0.222,1.227,0.375,2.185,0.418C9.249,20.99,9.556,21,12,21s2.751-0.01,3.711-0.054c0.958-0.044,1.612-0.196,2.185-0.418 c0.592-0.23,1.094-0.538,1.594-1.038c0.5-0.5,0.808-1.002,1.038-1.594c0.222-0.572,0.375-1.227,0.418-2.185 C20.99,14.751,21,14.444,21,12s-0.01-2.751-0.054-3.711c-0.044-0.958-0.196-1.612-0.418-2.185c-0.23-0.592-0.538-1.094-1.038-1.594 c-0.5-0.5-1.002-0.808-1.594-1.038c-0.572-0.222-1.227-0.375-2.185-0.418C14.751,3.01,14.444,3,12,3L12,3z M12,7.378 c-2.552,0-4.622,2.069-4.622,4.622S9.448,16.622,12,16.622s4.622-2.069,4.622-4.622S14.552,7.378,12,7.378z M12,15 c-1.657,0-3-1.343-3-3s1.343-3,3-3s3,1.343,3,3S13.657,15,12,15z M16.804,6.116c-0.596,0-1.08,0.484-1.08,1.08 s0.484,1.08,1.08,1.08c0.596,0,1.08-0.484,1.08-1.08S17.401,6.116,16.804,6.116z\"><\/path><\/svg><span class=\"wp-block-social-link-label screen-reader-text\">Instagram<\/span><\/a><\/li>\n\n<li class=\"wp-social-link wp-social-link-chain  wp-block-social-link\"><a href=\"https:\/\/forms.gle\/8hZpjoaNzMGXkbGa6\" class=\"wp-block-social-link-anchor\"><svg width=\"24\" height=\"24\" viewBox=\"0 0 24 24\" version=\"1.1\" xmlns=\"http:\/\/www.w3.org\/2000\/svg\" aria-hidden=\"true\" focusable=\"false\"><path d=\"M15.6,7.2H14v1.5h1.6c2,0,3.7,1.7,3.7,3.7s-1.7,3.7-3.7,3.7H14v1.5h1.6c2.8,0,5.2-2.3,5.2-5.2,0-2.9-2.3-5.2-5.2-5.2zM4.7,12.4c0-2,1.7-3.7,3.7-3.7H10V7.2H8.4c-2.9,0-5.2,2.3-5.2,5.2,0,2.9,2.3,5.2,5.2,5.2H10v-1.5H8.4c-2,0-3.7-1.7-3.7-3.7zm4.6.9h5.3v-1.5H9.3v1.5z\"><\/path><\/svg><span class=\"wp-block-social-link-label screen-reader-text\">Link<\/span><\/a><\/li><\/ul>\n\n\n\n<p><\/p>\n","protected":false},"excerpt":{"rendered":"<p>Voc\u00ea tamb\u00e9m pode entrar em contato conosco por meio do e-mail institucional do Oncov\u00f4 dispon\u00edvel abaixo. Siga-nos nas redes sociais @oncovomercadonovo ou pelo link indicado e, caso tenha sugest\u00f5es e\/ou reclama\u00e7\u00f5es, utilize o formul\u00e1rio acess\u00edvel no link abaixo. Se est\u00e1 em busca de uma parceria, entre em contato conosco pelo e-mail institucional.<\/p>\n","protected":false},"author":90,"featured_media":0,"parent":0,"menu_order":0,"comment_status":"open","ping_status":"closed","template":"","meta":{"footnotes":""},"class_list":["post-303","page","type-page","status-publish","hentry"],"_links":{"self":[{"href":"https:\/\/labcms.eci.ufmg.br\/mercadonovo\/wp-json\/wp\/v2\/pages\/303","targetHints":{"allow":["GET"]}}],"collection":[{"href":"https:\/\/labcms.eci.ufmg.br\/mercadonovo\/wp-json\/wp\/v2\/pages"}],"about":[{"href":"https:\/\/labcms.eci.ufmg.br\/mercadonovo\/wp-json\/wp\/v2\/types\/page"}],"author":[{"embeddable":true,"href":"https:\/\/labcms.eci.ufmg.br\/mercadonovo\/wp-json\/wp\/v2\/users\/90"}],"replies":[{"embeddable":true,"href":"https:\/\/labcms.eci.ufmg.br\/mercadonovo\/wp-json\/wp\/v2\/comments?post=303"}],"version-history":[{"count":17,"href":"https:\/\/labcms.eci.ufmg.br\/mercadonovo\/wp-json\/wp\/v2\/pages\/303\/revisions"}],"predecessor-version":[{"id":1495,"href":"https:\/\/labcms.eci.ufmg.br\/mercadonovo\/wp-json\/wp\/v2\/pages\/303\/revisions\/1495"}],"wp:attachment":[{"href":"https:\/\/labcms.eci.ufmg.br\/mercadonovo\/wp-json\/wp\/v2\/media?parent=303"}],"curies":[{"name":"wp","href":"https:\/\/api.w.org\/{rel}","templated":true}]}}